{"id":2,"date":"2024-09-04T14:02:55","date_gmt":"2024-09-04T12:02:55","guid":{"rendered":"https:\/\/nature-invest-group.com\/?page_id=2"},"modified":"2026-01-28T10:41:26","modified_gmt":"2026-01-28T09:41:26","slug":"impressum","status":"publish","type":"page","link":"https:\/\/nature-invest-group.com\/en\/impressum\/","title":{"rendered":"Imprint"},"content":{"rendered":"<p class=\"has-accent-3-color has-text-color has-link-color wp-elements-ae8c4ada2d11298418dfc54527c3ea41\" style=\"line-height:1.9\">Grundbesitz Invest GmbH<br>Bergstr. 21<br>58579 Schalksm\u00fchle, Germany<\/p>\n\n\n\n<p style=\"font-size:clamp(14px, 0.875rem + ((1vw - 3.2px) * 0.313), 17px);font-style:normal;font-weight:300;line-height:1.9\">Phone: +49 2355\u00a0 50 949-11<br>Mail: stefan.buttgereit@nature-invest-group.com<\/p>\n\n\n\n<p style=\"font-size:clamp(14px, 0.875rem + ((1vw - 3.2px) * 0.313), 17px);font-style:normal;font-weight:300;line-height:1.9\">Managing Director: Stefan Buttgereit<br>Registered Office: Schalksm\u00fchle<br>Commercial Register: Local Court of Iserlohn<br>Registration Number: HRB 9117<br>VAT Identification Number: DE320058904<\/p>\n\n\n\n<div style=\"height:8px\" aria-hidden=\"true\" class=\"wp-block-spacer\"><\/div>\n\n\n\n<h4 class=\"wp-block-heading has-text-color has-link-color wp-elements-afd3ad04f9b006122671fc8a5b2af4be translation-block\" style=\"color:#3e4f3c;letter-spacing:2px;text-transform:uppercase\">Responsible in accordance with \u00a7 18 Abs. 2 MStV<\/h4>\n\n\n\n<p style=\"font-size:clamp(14px, 0.875rem + ((1vw - 3.2px) * 0.313), 17px);font-style:normal;font-weight:300;line-height:1.9\"><strong><mark style=\"background-color:rgba(0, 0, 0, 0)\" class=\"has-inline-color has-accent-3-color\">Stefan Buttgereit<\/mark> <\/strong><br>(Address as above)<\/p>\n\n\n\n<div style=\"height:8px\" aria-hidden=\"true\" class=\"wp-block-spacer\"><\/div>\n\n\n\n<h4 class=\"wp-block-heading has-text-color has-link-color wp-elements-d8c06404d4ac65164b26972253d3244c\" style=\"color:#3e4f3c;letter-spacing:2px;text-transform:uppercase\">Online Dispute Resolution <\/h4>\n\n\n\n<p style=\"font-size:clamp(14px, 0.875rem + ((1vw - 3.2px) * 0.313), 17px);font-style:normal;font-weight:300;line-height:1.9\">The European Commission provides a platform for online dispute resolution (ODR):\nhttps:\/\/ec.europa.eu\/consumers\/odr<\/p>\n\n\n\n<p style=\"font-size:clamp(14px, 0.875rem + ((1vw - 3.2px) * 0.313), 17px);font-style:normal;font-weight:300\">Grundbesitz Invest GmbH is neither obliged nor willing to participate in dispute resolution proceedings before a consumer arbitration board.<\/p>\n\n\n\n<div style=\"height:8px\" aria-hidden=\"true\" class=\"wp-block-spacer\"><\/div>\n\n\n\n<h4 class=\"wp-block-heading has-text-color has-link-color wp-elements-f6ca9f25d164fca47da12a17a0334555\" style=\"color:#3e4f3c;letter-spacing:2px;text-transform:uppercase\">Copyright Notice<\/h4>\n\n\n\n<p style=\"font-size:clamp(14px, 0.875rem + ((1vw - 3.2px) * 0.313), 17px);font-style:normal;font-weight:300;line-height:1.9\">\u00a9 Nature Invest Group. All rights reserved.\nAll content on this website is protected by copyright.\nAny reproduction, distribution, or storage \u2014 in whole or in part \u2014 requires prior written permission from the rights holder.<\/p>\n\n\n\n<div style=\"height:8px\" aria-hidden=\"true\" class=\"wp-block-spacer\"><\/div>\n\n\n\n<h4 class=\"wp-block-heading has-text-color has-link-color wp-elements-15d2638977f74cd41ba08dea4e234dc1\" style=\"color:#3e4f3c;letter-spacing:2px;text-transform:uppercase\">Liability for Content<\/h4>\n\n\n\n<p style=\"font-size:clamp(14px, 0.875rem + ((1vw - 3.2px) * 0.313), 17px);font-style:normal;font-weight:300;line-height:1.9\">The content of this website has been created with the utmost care.\nHowever, no guarantee is given for the accuracy, completeness, or timeliness of the information provided.<\/p>\n\n\n\n<div style=\"height:8px\" aria-hidden=\"true\" class=\"wp-block-spacer\"><\/div>\n\n\n\n<h4 class=\"wp-block-heading has-text-color has-link-color wp-elements-59c71d7af983f6d6cfff0f8cfd1d4f67\" style=\"color:#3e4f3c;letter-spacing:2px;text-transform:uppercase\">Liability for External Links<\/h4>\n\n\n\n<p style=\"font-size:clamp(14px, 0.875rem + ((1vw - 3.2px) * 0.313), 17px);font-style:normal;font-weight:300;line-height:1.9\">This website contains links to external third\u2011party websites.\nWe have no influence over the content of these external sites and therefore assume no liability for such content.\nThe respective provider or operator of the linked pages is solely responsible for their content.<\/p>\n\n\n\n<div style=\"height:41px\" aria-hidden=\"true\" class=\"wp-block-spacer\"><\/div>","protected":false},"excerpt":{"rendered":"<p>Grundbesitz Invest GmbHBergstra\u00dfe 2158579 Schalksm\u00fchle Telefon: +49 2355\u00a0 50 949-11E-Mail: stefan.buttgereit@nature-invest-group.com Gesch\u00e4ftsf\u00fchrer: Stefan ButtgereitSitz der Gesellschaft: Schalksm\u00fchleRegistergericht: Amtsgericht IserlohnRegisternummer: HRB 9117Umsatzsteuer-Identifikationsnummer: DE320058904 Verantwortlich nach \u00a7 18 Abs. 2 MStV Stefan Buttgereit (Anschrift wie oben) Online-Streitbeilegung Die Europ\u00e4ische Kommission stellt eine Plattform zur Online-Streitbeilegung (OS) bereit: https:\/\/ec.europa.eu\/consumers\/odr Die Grundbesitz Invest GmbH ist weder verpflichtet noch bereit, [&hellip;]<\/p>","protected":false},"author":1,"featured_media":0,"parent":0,"menu_order":0,"comment_status":"closed","ping_status":"closed","template":"impressum","meta":{"footnotes":""},"class_list":["post-2","page","type-page","status-publish","hentry"],"_links":{"self":[{"href":"https:\/\/nature-invest-group.com\/en\/wp-json\/wp\/v2\/pages\/2","targetHints":{"allow":["GET"]}}],"collection":[{"href":"https:\/\/nature-invest-group.com\/en\/wp-json\/wp\/v2\/pages"}],"about":[{"href":"https:\/\/nature-invest-group.com\/en\/wp-json\/wp\/v2\/types\/page"}],"author":[{"embeddable":true,"href":"https:\/\/nature-invest-group.com\/en\/wp-json\/wp\/v2\/users\/1"}],"replies":[{"embeddable":true,"href":"https:\/\/nature-invest-group.com\/en\/wp-json\/wp\/v2\/comments?post=2"}],"version-history":[{"count":10,"href":"https:\/\/nature-invest-group.com\/en\/wp-json\/wp\/v2\/pages\/2\/revisions"}],"predecessor-version":[{"id":143,"href":"https:\/\/nature-invest-group.com\/en\/wp-json\/wp\/v2\/pages\/2\/revisions\/143"}],"wp:attachment":[{"href":"https:\/\/nature-invest-group.com\/en\/wp-json\/wp\/v2\/media?parent=2"}],"curies":[{"name":"wp","href":"https:\/\/api.w.org\/{rel}","templated":true}]}}