{"id":3,"date":"2024-09-04T14:02:55","date_gmt":"2024-09-04T12:02:55","guid":{"rendered":"https:\/\/nature-invest-group.com\/?page_id=3"},"modified":"2026-01-28T10:59:58","modified_gmt":"2026-01-28T09:59:58","slug":"datenschutzerklaerung","status":"publish","type":"page","link":"https:\/\/nature-invest-group.com\/en\/datenschutzerklaerung\/","title":{"rendered":"Privacy Policy"},"content":{"rendered":"<div style=\"height:19px\" aria-hidden=\"true\" class=\"wp-block-spacer\"><\/div>\n\n\n\n<h2 class=\"wp-block-heading has-accent-3-color has-text-color has-link-color wp-elements-0b1cc943245e9248643d2bfc4717b1b1\">1. Controller <\/h2>\n\n\n\n<p class=\"has-text-align-left has-contrast-color has-text-color has-link-color wp-elements-6172a63cfc89efd375d26512f367a0ee\" style=\"font-size:clamp(14px, 0.875rem + ((1vw - 3.2px) * 0.313), 17px);font-style:normal;font-weight:300;line-height:1.9\"><mark style=\"background-color:rgba(0, 0, 0, 0);color:#3e4f3c\" class=\"has-inline-color\"><strong>Grundbesitz Invest GmbH<\/strong> <br><\/mark>Bergstr. 21 <br>58579 Schalksm\u00fchle, Germany <br>Mail: stefan.buttgereit@nature-invest-group.com<br>Phone: +49 2355\u00a0 50 949-11<\/p>\n\n\n\n<p class=\"has-text-align-left\" style=\"font-size:clamp(14px, 0.875rem + ((1vw - 3.2px) * 0.313), 17px);font-style:normal;font-weight:300;line-height:1.9\">Grundbesitz Invest GmbH, as the operator of this website, is responsible for the processing of personal data.<\/p>\n\n\n\n<div style=\"height:19px\" aria-hidden=\"true\" class=\"wp-block-spacer\"><\/div>\n\n\n\n<h2 class=\"wp-block-heading has-accent-3-color has-text-color has-link-color wp-elements-35bdb77e87ae8d7a71b8d4a7ee36d3be\">2. Purpose of the Website<\/h2>\n\n\n\n<p style=\"font-size:clamp(14px, 0.875rem + ((1vw - 3.2px) * 0.313), 17px);font-style:normal;font-weight:300;line-height:1.9\">This website provides general information about the Nature Invest Group.\nNo personal data is actively collected, no forms are offered, and no tracking or marketing technologies are used.<\/p>\n\n\n\n<div style=\"height:19px\" aria-hidden=\"true\" class=\"wp-block-spacer\"><\/div>\n\n\n\n<h2 class=\"wp-block-heading has-accent-3-color has-text-color has-link-color wp-elements-a67c35aea3713a39c365a1d522ff9114\">3. Processing of Personal Data<\/h2>\n\n\n\n<h4 class=\"wp-block-heading has-text-color has-link-color wp-elements-8dc287c885846c884ba63fa4f466d638\" style=\"color:#3e4f3c;letter-spacing:2px\">3.1 Server Log Files<\/h4>\n\n\n\n<p style=\"font-size:clamp(14px, 0.875rem + ((1vw - 3.2px) * 0.313), 17px);font-style:normal;font-weight:300;line-height:1.9\">When you access this website, the hosting provider automatically collects and stores information that your browser transmits. This includes:<\/p>\n\n\n\n<ul class=\"wp-block-list\">\n<li style=\"font-size:clamp(14px, 0.875rem + ((1vw - 3.2px) * 0.313), 17px);font-style:normal;font-weight:300;line-height:1.9\">Browser type and version<\/li>\n\n\n\n<li style=\"font-size:clamp(14px, 0.875rem + ((1vw - 3.2px) * 0.313), 17px);font-style:normal;font-weight:300;line-height:1.9\">Operating system used<\/li>\n\n\n\n<li style=\"font-size:clamp(14px, 0.875rem + ((1vw - 3.2px) * 0.313), 17px);font-style:normal;font-weight:300;line-height:1.9\">Referrer URL<\/li>\n\n\n\n<li style=\"font-size:clamp(14px, 0.875rem + ((1vw - 3.2px) * 0.313), 17px);font-style:normal;font-weight:300;line-height:1.9\">Hostname of the accessing device<\/li>\n\n\n\n<li style=\"font-size:clamp(14px, 0.875rem + ((1vw - 3.2px) * 0.313), 17px);font-style:normal;font-weight:300;line-height:1.9\">Time of the server request<\/li>\n\n\n\n<li style=\"font-size:clamp(14px, 0.875rem + ((1vw - 3.2px) * 0.313), 17px);font-style:normal;font-weight:300;line-height:1.9\">IP address<\/li>\n<\/ul>\n\n\n\n<p style=\"font-size:clamp(14px, 0.875rem + ((1vw - 3.2px) * 0.313), 17px);font-style:normal;font-weight:300;line-height:1.9\">These data are technically necessary to ensure the proper functioning and security of the website.\nThey are not merged with other data sources.<\/p>\n\n\n\n<p style=\"font-size:clamp(14px, 0.875rem + ((1vw - 3.2px) * 0.313), 17px);font-style:normal;font-weight:300;line-height:1.9\" class=\"translation-block\">Legal basis: Art. 6 Abs. 1 lit. f DSGVO (legitimate interest in the technical operation and security of the website)<\/p>\n\n\n\n<div style=\"height:16px\" aria-hidden=\"true\" class=\"wp-block-spacer\"><\/div>\n\n\n\n<h4 class=\"wp-block-heading has-text-color has-link-color wp-elements-d28366428f959e865cc2be56855d4ebd\" style=\"color:#3e4f3c;letter-spacing:2px\">3.2 HOSTING<\/h4>\n\n\n\n<p class=\"has-text-align-left\" style=\"font-size:clamp(14px, 0.875rem + ((1vw - 3.2px) * 0.313), 17px);font-style:normal;font-weight:300;line-height:1.9\">This website is hosted by an external service provider.\nThe hosting provider is used for the secure and efficient provision of our online services.<\/p>\n\n\n\n<p style=\"font-size:clamp(14px, 0.875rem + ((1vw - 3.2px) * 0.313), 17px);font-style:normal;font-weight:300\">A data processing agreement pursuant to Art. 28 DSGVO has been concluded with the hosting provider.<\/p>\n\n\n\n<p class=\"has-text-align-left\" style=\"font-size:clamp(14px, 0.875rem + ((1vw - 3.2px) * 0.313), 17px);font-style:normal;font-weight:300;line-height:1.9\"><em>(Name des Hosters)<\/em><\/p>\n\n\n\n<div style=\"height:19px\" aria-hidden=\"true\" class=\"wp-block-spacer\"><\/div>\n\n\n\n<h2 class=\"wp-block-heading has-accent-3-color has-text-color has-link-color wp-elements-75c8b5fff4a9c499de93e650e3d2af26\" style=\"text-transform:capitalize\">4. No Cookies, No Tracking, No Analytics<\/h2>\n\n\n\n<p style=\"font-size:clamp(14px, 0.875rem + ((1vw - 3.2px) * 0.313), 17px);font-style:normal;font-weight:300;line-height:1.9\">This website does not use:<\/p>\n\n\n\n<ul class=\"wp-block-list\">\n<li style=\"font-size:clamp(14px, 0.875rem + ((1vw - 3.2px) * 0.313), 17px);font-style:normal;font-weight:300;line-height:1.9\">cookies<\/li>\n\n\n\n<li style=\"font-size:clamp(14px, 0.875rem + ((1vw - 3.2px) * 0.313), 17px);font-style:normal;font-weight:300;line-height:1.9\">analytics or tracking tools<\/li>\n\n\n\n<li style=\"font-size:clamp(14px, 0.875rem + ((1vw - 3.2px) * 0.313), 17px);font-style:normal;font-weight:300;line-height:1.9\">social media plugins<\/li>\n\n\n\n<li style=\"font-size:clamp(14px, 0.875rem + ((1vw - 3.2px) * 0.313), 17px);font-style:normal;font-weight:300;line-height:1.9\">embedded external content that transfers personal data<\/li>\n<\/ul>\n\n\n\n<div style=\"height:19px\" aria-hidden=\"true\" class=\"wp-block-spacer\"><\/div>\n\n\n\n<h2 class=\"wp-block-heading has-accent-3-color has-text-color has-link-color wp-elements-877913f75568894785ea499c3cc91355\">5. External Links<\/h2>\n\n\n\n<p style=\"font-size:clamp(14px, 0.875rem + ((1vw - 3.2px) * 0.313), 17px);font-style:normal;font-weight:300;line-height:1.9\">This website contains a link to a subsidiary company.\nWhen you click this link, you leave our website.\nWe are not responsible for the content or data protection practices of the linked website.<\/p>\n\n\n\n<div style=\"height:19px\" aria-hidden=\"true\" class=\"wp-block-spacer\"><\/div>\n\n\n\n<h2 class=\"wp-block-heading has-accent-3-color has-text-color has-link-color wp-elements-eb2ce296d257ebd89134a2e6c7eb8d6f\">6. Rights of Data Subjects<\/h2>\n\n\n\n<p style=\"font-size:clamp(14px, 0.875rem + ((1vw - 3.2px) * 0.313), 17px);font-style:normal;font-weight:300;line-height:1.9\">You have the following rights regarding your personal data:<\/p>\n\n\n\n<ul class=\"wp-block-list\">\n<li style=\"font-size:clamp(14px, 0.875rem + ((1vw - 3.2px) * 0.313), 17px);font-style:normal;font-weight:300;line-height:1.9\">Right of access<\/li>\n\n\n\n<li style=\"font-size:clamp(14px, 0.875rem + ((1vw - 3.2px) * 0.313), 17px);font-style:normal;font-weight:300;line-height:1.9\">Right to rectification<\/li>\n\n\n\n<li style=\"font-size:clamp(14px, 0.875rem + ((1vw - 3.2px) * 0.313), 17px);font-style:normal;font-weight:300;line-height:1.9\">Right to erasure<\/li>\n\n\n\n<li style=\"font-size:clamp(14px, 0.875rem + ((1vw - 3.2px) * 0.313), 17px);font-style:normal;font-weight:300;line-height:1.9\">Right to restriction of processing<\/li>\n\n\n\n<li style=\"font-size:clamp(14px, 0.875rem + ((1vw - 3.2px) * 0.313), 17px);font-style:normal;font-weight:300;line-height:1.9\">Right to object<\/li>\n\n\n\n<li style=\"font-size:clamp(14px, 0.875rem + ((1vw - 3.2px) * 0.313), 17px);font-style:normal;font-weight:300;line-height:1.9\">Right to data portability<\/li>\n\n\n\n<li style=\"font-size:clamp(14px, 0.875rem + ((1vw - 3.2px) * 0.313), 17px);font-style:normal;font-weight:300;line-height:1.9\">Right to lodge a complaint with a supervisory authority<\/li>\n<\/ul>\n\n\n\n<p style=\"font-size:clamp(14px, 0.875rem + ((1vw - 3.2px) * 0.313), 17px);font-style:normal;font-weight:300;line-height:1.9\">To exercise your rights, you may contact us at any time using the details provided in the imprint.<\/p>\n\n\n\n<div style=\"height:19px\" aria-hidden=\"true\" class=\"wp-block-spacer\"><\/div>\n\n\n\n<h2 class=\"wp-block-heading has-accent-3-color has-text-color has-link-color wp-elements-50b3a6ddc90a3436310f1d4eeb4a612e\">7. Security of Data Transmission<\/h2>\n\n\n\n<p style=\"font-size:clamp(14px, 0.875rem + ((1vw - 3.2px) * 0.313), 17px);font-style:normal;font-weight:300;line-height:1.9\">Please note that data transmission over the internet may involve security vulnerabilities.\nA complete protection of data against access by third parties cannot be guaranteed.<\/p>\n\n\n\n<div style=\"height:88px\" aria-hidden=\"true\" class=\"wp-block-spacer\"><\/div>","protected":false},"excerpt":{"rendered":"<p>1. Verantwortlicher Grundbesitz Invest GmbH Bergstr. 21 58579 Schalksm\u00fchle E-Mail: stefan.buttgereit@nature-invest-group.comTelefon: +49 2355\u00a0 50 949-11 Die Grundbesitz Invest GmbH ist als Betreiberin dieser Website f\u00fcr die Verarbeitung personenbezogener Daten verantwortlich. 2. Zwecke der Website Diese Website dient ausschlie\u00dflich der Bereitstellung allgemeiner Informationen \u00fcber die Nature Invest Group. Es werden\u00a0keine personenbezogenen Daten aktiv erhoben, keine Formulare [&hellip;]<\/p>","protected":false},"author":1,"featured_media":12,"parent":0,"menu_order":0,"comment_status":"closed","ping_status":"closed","template":"datenschutzerkl-rung","meta":{"footnotes":""},"class_list":["post-3","page","type-page","status-publish","has-post-thumbnail","hentry"],"_links":{"self":[{"href":"https:\/\/nature-invest-group.com\/en\/wp-json\/wp\/v2\/pages\/3","targetHints":{"allow":["GET"]}}],"collection":[{"href":"https:\/\/nature-invest-group.com\/en\/wp-json\/wp\/v2\/pages"}],"about":[{"href":"https:\/\/nature-invest-group.com\/en\/wp-json\/wp\/v2\/types\/page"}],"author":[{"embeddable":true,"href":"https:\/\/nature-invest-group.com\/en\/wp-json\/wp\/v2\/users\/1"}],"replies":[{"embeddable":true,"href":"https:\/\/nature-invest-group.com\/en\/wp-json\/wp\/v2\/comments?post=3"}],"version-history":[{"count":19,"href":"https:\/\/nature-invest-group.com\/en\/wp-json\/wp\/v2\/pages\/3\/revisions"}],"predecessor-version":[{"id":145,"href":"https:\/\/nature-invest-group.com\/en\/wp-json\/wp\/v2\/pages\/3\/revisions\/145"}],"wp:featuredmedia":[{"embeddable":true,"href":"https:\/\/nature-invest-group.com\/en\/wp-json\/wp\/v2\/media\/12"}],"wp:attachment":[{"href":"https:\/\/nature-invest-group.com\/en\/wp-json\/wp\/v2\/media?parent=3"}],"curies":[{"name":"wp","href":"https:\/\/api.w.org\/{rel}","templated":true}]}}