{"id":74,"date":"2026-01-27T10:41:49","date_gmt":"2026-01-27T09:41:49","guid":{"rendered":"https:\/\/nature-invest-group.com\/?page_id=74"},"modified":"2026-01-27T12:04:35","modified_gmt":"2026-01-27T11:04:35","slug":"startseite","status":"publish","type":"page","link":"https:\/\/nature-invest-group.com\/en\/","title":{"rendered":"Startseite"},"content":{"rendered":"<div class=\"wp-block-group has-global-padding is-layout-constrained wp-block-group-is-layout-constrained\">\n<div style=\"height:62px\" aria-hidden=\"true\" class=\"wp-block-spacer\"><\/div>\n\n\n\n<figure class=\"wp-block-image aligncenter size-large is-resized\"><img loading=\"lazy\" decoding=\"async\" width=\"1024\" height=\"692\" src=\"https:\/\/nature-invest-group.com\/wp-content\/uploads\/2024\/10\/Logo-NIG-1024x692.png\" alt=\"\" class=\"wp-image-10\" style=\"aspect-ratio:1.4798188087350417;width:419px;height:auto\" srcset=\"https:\/\/nature-invest-group.com\/wp-content\/uploads\/2024\/10\/Logo-NIG-1024x692.png 1024w, https:\/\/nature-invest-group.com\/wp-content\/uploads\/2024\/10\/Logo-NIG-300x203.png 300w, https:\/\/nature-invest-group.com\/wp-content\/uploads\/2024\/10\/Logo-NIG-768x519.png 768w, https:\/\/nature-invest-group.com\/wp-content\/uploads\/2024\/10\/Logo-NIG-1536x1038.png 1536w, https:\/\/nature-invest-group.com\/wp-content\/uploads\/2024\/10\/Logo-NIG.png 1677w\" sizes=\"auto, (max-width: 1024px) 100vw, 1024px\" \/><\/figure>\n\n\n\n<h1 class=\"wp-block-heading has-text-align-center has-text-color has-link-color has-x-large-font-size wp-elements-321316940a68c3f5035d3897c4a00c0e\" style=\"color:#3e4f3c\">Investment in Nature \u2013 Forest Properties in North America<\/h1>\n\n\n\n<p class=\"has-text-align-left translation-block\" style=\"font-style:normal;font-weight:300\">Experience the perfect balance of ecological responsibility and financial opportunity.\nOur carefully selected forest properties in Canada and the United States offer not only breathtaking natural landscapes but also long\u2011term value appreciation.<\/p>\n\n\n\n<p class=\"has-text-align-left\" style=\"font-style:normal;font-weight:300\">Whether as a sustainable investment, a means of CO\u2082 offsetting, or a cornerstone of a green portfolio, forest assets combine attractive returns with tangible, real\u2011world value.\nAll properties are located in ecologically stable regions with investor\u2011friendly legal frameworks and support a wide range of use concepts\u2014from selective forestry to full conservation as protected natural land (CO\u2082 projects).<\/p>\n\n\n\n<p style=\"font-style:normal;font-weight:300\">Grundbesitz Invest International GmbH operates exclusively as a holding company and does not engage in operational activities.\nFor all matters related to our forest properties, please contact our subsidiary directly at NBH\u2011Timberland.com.&nbsp;<a href=\"http:\/\/nbh-timberland.com\/\"><mark style=\"background-color:rgba(0, 0, 0, 0)\" class=\"has-inline-color has-accent-3-color\">NBH-Timberland.com<\/mark><\/a>.<\/p>\n\n\n\n<p style=\"font-style:normal;font-weight:300\">We are pleased to assist you in both German and English.<\/p>\n\n\n\n<p><\/p>\n<\/div>\n\n\n\n<div style=\"height:100px\" aria-hidden=\"true\" class=\"wp-block-spacer\"><\/div>","protected":false},"excerpt":{"rendered":"<p>Investieren in Natur \u2013 Waldfl\u00e4chen in Nordamerika Erleben Sie die perfekte Symbiose aus \u00f6kologischer Verantwortung und finanzieller Perspektive: Unsere ausgew\u00e4hlten Waldfl\u00e4chen in Kanada und den USA bieten nicht nur beeindruckende Naturkulissen, sondern auch langfristige Wertentwicklung. Ob als nachhaltige Kapitalanlage, CO\u2082-Kompensation oder Teil eines gr\u00fcnen Portfolios \u2013 Waldinvestments verbinden Rendite mit echter Substanz. Die Grundst\u00fccke liegen [&hellip;]<\/p>","protected":false},"author":1,"featured_media":0,"parent":0,"menu_order":0,"comment_status":"closed","ping_status":"closed","template":"page-no-title","meta":{"footnotes":""},"class_list":["post-74","page","type-page","status-publish","hentry"],"_links":{"self":[{"href":"https:\/\/nature-invest-group.com\/en\/wp-json\/wp\/v2\/pages\/74","targetHints":{"allow":["GET"]}}],"collection":[{"href":"https:\/\/nature-invest-group.com\/en\/wp-json\/wp\/v2\/pages"}],"about":[{"href":"https:\/\/nature-invest-group.com\/en\/wp-json\/wp\/v2\/types\/page"}],"author":[{"embeddable":true,"href":"https:\/\/nature-invest-group.com\/en\/wp-json\/wp\/v2\/users\/1"}],"replies":[{"embeddable":true,"href":"https:\/\/nature-invest-group.com\/en\/wp-json\/wp\/v2\/comments?post=74"}],"version-history":[{"count":10,"href":"https:\/\/nature-invest-group.com\/en\/wp-json\/wp\/v2\/pages\/74\/revisions"}],"predecessor-version":[{"id":119,"href":"https:\/\/nature-invest-group.com\/en\/wp-json\/wp\/v2\/pages\/74\/revisions\/119"}],"wp:attachment":[{"href":"https:\/\/nature-invest-group.com\/en\/wp-json\/wp\/v2\/media?parent=74"}],"curies":[{"name":"wp","href":"https:\/\/api.w.org\/{rel}","templated":true}]}}